{"id":981,"date":"2021-12-15T14:24:04","date_gmt":"2021-12-15T17:24:04","guid":{"rendered":"https:\/\/goldbergresources.com\/site\/?page_id=981"},"modified":"2021-12-15T20:21:38","modified_gmt":"2021-12-15T23:21:38","slug":"clients","status":"publish","type":"page","link":"https:\/\/goldbergresources.com\/site\/clients\/","title":{"rendered":"Clients"},"content":{"rendered":"<p>[vc_row][vc_column][vc_row_inner content_placement=&#8221;middle&#8221;][vc_column_inner offset=&#8221;vc_hidden-sm vc_hidden-xs&#8221;][vc_column_text]<\/p>\n<table style=\"height: 686px; font-family: Raleway, sans-serif;\" border=\"0\" width=\"1073\" cellspacing=\"0\" cellpadding=\"0\">\n<tbody>\n<tr>\n<td valign=\"top\" width=\"112\">\n<h4><strong><span style=\"color: #b0a365;\">CODELCO CHILE EXPLORACIONES<\/span><\/strong><\/h4>\n<h4><strong><span style=\"color: #b0a365;\">\u00a0<\/span><\/strong><\/h4>\n<\/td>\n<td valign=\"top\" width=\"112\">\n<h4><strong><span style=\"color: #b0a365;\">COMPA\u00d1IA MINERA CASUALIDAD<\/span><\/strong><\/h4>\n<h4><strong><span style=\"color: #b0a365;\">\u00a0<\/span><\/strong><\/h4>\n<\/td>\n<td valign=\"top\" width=\"112\">\n<h4><strong><span style=\"color: #b0a365;\">SLM PAPUDO UNO DE LA LIGUA<\/span><\/strong><\/h4>\n<\/td>\n<td valign=\"top\" width=\"112\">\n<h4><strong><span style=\"color: #b0a365;\">INVERSIONES GUALA S.A.\u00a0<\/span><\/strong><\/h4>\n<h4><strong><span style=\"color: #b0a365;\">\u00a0<\/span><\/strong><\/h4>\n<\/td>\n<\/tr>\n<tr>\n<td valign=\"top\" width=\"112\">\n<h4><strong><span style=\"color: #b0a365;\">COMPA\u00d1IA MINERA SOTAQUI<\/span><\/strong><\/h4>\n<h4><strong><span style=\"color: #b0a365;\">\u00a0<\/span><\/strong><\/h4>\n<\/td>\n<td valign=\"top\" width=\"112\">\n<h4><strong><span style=\"color: #b0a365;\">COMPA\u00d1IA MINERA LA TIRANA<\/span><\/strong><\/h4>\n<\/td>\n<td valign=\"top\" width=\"112\">\n<h4><strong><span style=\"color: #b0a365;\">PLUS S. A.<\/span><\/strong><\/h4>\n<\/td>\n<td valign=\"top\" width=\"112\">\n<h4><strong><span style=\"color: #b0a365;\">MINERA ORO ANDINO LTDA<\/span><\/strong><\/h4>\n<\/td>\n<\/tr>\n<tr>\n<td valign=\"top\" width=\"112\">\n<h4><strong><span style=\"color: #b0a365;\">CODELCO NORTE<\/span><\/strong><\/h4>\n<h4><\/h4>\n<\/td>\n<td valign=\"top\" width=\"112\">\n<h4><strong><span style=\"color: #b0a365;\">COMPA\u00d1\u00cdA MINERA CO. DOMINADOR<\/span><\/strong><\/h4>\n<\/td>\n<td valign=\"top\" width=\"112\">\n<h4><strong><span style=\"color: #b0a365;\">SP GROUP RESOURCES<\/span><\/strong><\/h4>\n<\/td>\n<td valign=\"top\" width=\"112\">\n<h4><strong><span style=\"color: #b0a365;\">COMPA\u00d1\u00cdA\u00a0MINERA COSTA RICA<\/span><\/strong><\/h4>\n<h4><\/h4>\n<\/td>\n<\/tr>\n<tr>\n<td valign=\"top\" width=\"112\">\n<h4><strong><span style=\"color: #b0a365;\">SLM LAR UNO<\/span><\/strong><\/h4>\n<h4><strong><span style=\"color: #b0a365;\">SIERRA PASTENES<\/span><\/strong><\/h4>\n<\/td>\n<td valign=\"top\" width=\"112\">\n<h4><strong><span style=\"color: #b0a365;\">IOCG RESOURCES<\/span><\/strong><\/h4>\n<\/td>\n<td valign=\"top\" width=\"112\">\n<h4><strong><span style=\"color: #b0a365;\">SLM PORVENIR, <\/span><\/strong><\/h4>\n<h4><strong><span style=\"color: #b0a365;\">UNO DE ESTANCIA<\/span><\/strong><\/h4>\n<h4><strong><span style=\"color: #b0a365;\">PEJERREYES<\/span><\/strong><\/h4>\n<\/td>\n<td valign=\"top\" width=\"112\">\n<h4><strong><span style=\"color: #b0a365;\">COMPA\u00d1IA MINERA LA RUBIA S.A.<\/span><\/strong><\/h4>\n<h4><\/h4>\n<\/td>\n<\/tr>\n<tr>\n<td valign=\"top\" width=\"112\">\n<h4><strong><span style=\"color: #b0a365;\">SLM NUEVA UNI\u00d3N<\/span><\/strong><\/h4>\n<h4><\/h4>\n<\/td>\n<td valign=\"top\" width=\"112\">\n<h4><strong><span style=\"color: #b0a365;\">INVERSIONES JV&amp;Y<\/span><\/strong><\/h4>\n<\/td>\n<td valign=\"top\" width=\"112\">\n<h4><\/h4>\n<\/td>\n<td valign=\"top\" width=\"112\">\n<h4><\/h4>\n<\/td>\n<\/tr>\n<\/tbody>\n<\/table>\n<p>[\/vc_column_text][\/vc_column_inner][\/vc_row_inner][vc_row_inner css=&#8221;.vc_custom_1639610424989{margin-top: 0px !important;padding-top: 0px !important;}&#8221;][vc_column_inner offset=&#8221;vc_hidden-lg vc_hidden-md&#8221;]<!-- start section --><a  class=\"ancor\"><\/a><section class=\"section\"><div class=\"container\"><div class=\"section-heading section-heading--center\"><h2 class=\"title h1\"><\/h2><p class=\"sec-desc\"><\/p><\/div><div class=\"row\"><div class=\"col-xs-12 col-md-4 col-md-push-4\"><div class=\"col-md-MB-30 wow fadeIn\"><\/div><\/div><div class=\"col-xs-12 col-md-8\"><div class=\"list-with-icon list-with-icon--style-1\"><div class=\"list__inner\"><div class=\"row\"><!-- start item --><div class=\"col-xs-12 col-sm-6 col-md-pull-6\"><div class=\"list__item\"><h3 class=\"list__item__title\" style=\" font-weight:700!important; color:#b0a365!important;\">CODELCO CHILE EXPLORACIONES<\/h3><\/div><\/div><!-- end item --><!-- start item --><div class=\"col-xs-12 col-sm-6\"><div class=\"list__item\"><h3 class=\"list__item__title\" style=\" font-weight:700!important; color:#b0a365!important;\">COMPA\u00d1IA MINERA CASUALIDAD<\/h3><\/div><\/div><!-- end item --><\/div><div class=\"row\"><!-- start item --><div class=\"col-xs-12 col-sm-6 col-md-pull-6\"><div class=\"list__item\"><h3 class=\"list__item__title\" style=\" font-weight:700!important; color:#b0a365!important;\">SLM PAPUDO UNO DE LA LIGUA<\/h3><\/div><\/div><!-- end item --><!-- start item --><div class=\"col-xs-12 col-sm-6\"><div class=\"list__item\"><h3 class=\"list__item__title\" style=\" font-weight:700!important; color:#b0a365!important;\">INVERSIONES GUALA S.A. <\/h3><\/div><\/div><!-- end item --><\/div><div class=\"row\"><!-- start item --><div class=\"col-xs-12 col-sm-6 col-md-pull-6\"><div class=\"list__item\"><h3 class=\"list__item__title\" style=\" font-weight:700!important; color:#b0a365!important;\">COMPA\u00d1IA MINERA SOTAQUI<\/h3><\/div><\/div><!-- end item --><!-- start item --><div class=\"col-xs-12 col-sm-6\"><div class=\"list__item\"><h3 class=\"list__item__title\" style=\" font-weight:700!important; color:#b0a365!important;\">COMPA\u00d1IA MINERA LA TIRANA<\/h3><\/div><\/div><!-- end item --><\/div><div class=\"row\"><!-- start item --><div class=\"col-xs-12 col-sm-6 col-md-pull-6\"><div class=\"list__item\"><h3 class=\"list__item__title\" style=\" font-weight:700!important; color:#b0a365!important;\">PLUS S. A.<\/h3><\/div><\/div><!-- end item --><!-- start item --><div class=\"col-xs-12 col-sm-6\"><div class=\"list__item\"><h3 class=\"list__item__title\" style=\" font-weight:700!important; color:#b0a365!important;\">MINERA ORO ANDINO LTDA<\/h3><\/div><\/div><!-- end item --><\/div><div class=\"row\"><!-- start item --><div class=\"col-xs-12 col-sm-6 col-md-pull-6\"><div class=\"list__item\"><h3 class=\"list__item__title\" style=\" font-weight:700!important; color:#b0a365!important;\">CODELCO NORTE<\/h3><\/div><\/div><!-- end item --><!-- start item --><div class=\"col-xs-12 col-sm-6\"><div class=\"list__item\"><h3 class=\"list__item__title\" style=\" font-weight:700!important; color:#b0a365!important;\">COMPA\u00d1\u00cdA MINERA CO. DOMINADOR<\/h3><\/div><\/div><!-- end item --><\/div><div class=\"row\"><!-- start item --><div class=\"col-xs-12 col-sm-6 col-md-pull-6\"><div class=\"list__item\"><h3 class=\"list__item__title\" style=\" font-weight:700!important; color:#b0a365!important;\">SP GROUP RESOURCES<\/h3><\/div><\/div><!-- end item --><!-- start item --><div class=\"col-xs-12 col-sm-6\"><div class=\"list__item\"><h3 class=\"list__item__title\" style=\" font-weight:700!important; color:#b0a365!important;\">COMPA\u00d1\u00cdA MINERA COSTA RICA<\/h3><\/div><\/div><!-- end item --><\/div><div class=\"row\"><!-- start item --><div class=\"col-xs-12 col-sm-6 col-md-pull-6\"><div class=\"list__item\"><h3 class=\"list__item__title\" style=\" font-weight:700!important; color:#b0a365!important;\">SLM LAR UNO SIERRA PASTENES<\/h3><\/div><\/div><!-- end item --><!-- start item --><div class=\"col-xs-12 col-sm-6\"><div class=\"list__item\"><h3 class=\"list__item__title\" style=\" font-weight:700!important; color:#b0a365!important;\">IOCG RESOURCES<\/h3><\/div><\/div><!-- end item --><\/div><div class=\"row\"><!-- start item --><div class=\"col-xs-12 col-sm-6 col-md-pull-6\"><div class=\"list__item\"><h3 class=\"list__item__title\" style=\" font-weight:700!important; color:#b0a365!important;\">SLM PORVENIR, UNO DE ESTANCIA PEJERREYES<\/h3><\/div><\/div><!-- end item --><!-- start item --><div class=\"col-xs-12 col-sm-6\"><div class=\"list__item\"><h3 class=\"list__item__title\" style=\" font-weight:700!important; color:#b0a365!important;\">COMPA\u00d1IA MINERA LA RUBIA S.A.<\/h3><\/div><\/div><!-- end item --><\/div><div class=\"row\"><!-- start item --><div class=\"col-xs-12 col-sm-6 col-md-pull-6\"><div class=\"list__item\"><h3 class=\"list__item__title\" style=\" font-weight:700!important; color:#b0a365!important;\">SLM NUEVA UNI\u00d3N<\/h3><\/div><\/div><!-- end item --><!-- start item --><div class=\"col-xs-12 col-sm-6\"><div class=\"list__item\"><h3 class=\"list__item__title\" style=\" font-weight:700!important; color:#b0a365!important;\">INVERSIONES JV&Y<\/h3><\/div><\/div><!-- end item --><\/div><\/div><\/div><\/div><\/div><\/div><\/section><!-- end section -->[\/vc_column_inner][\/vc_row_inner][\/vc_column][\/vc_row]<\/p>\n","protected":false},"excerpt":{"rendered":"<p>[vc_row][vc_column][vc_row_inner content_placement=&#8221;middle&#8221;][vc_column_inner offset=&#8221;vc_hidden-sm vc_hidden-xs&#8221;][vc_column_text] CODELCO CHILE EXPLORACIONES \u00a0 COMPA\u00d1IA MINERA CASUALIDAD \u00a0 SLM PAPUDO UNO DE LA LIGUA INVERSIONES GUALA S.A.\u00a0 \u00a0 COMPA\u00d1IA MINERA SOTAQUI \u00a0 COMPA\u00d1IA MINERA LA TIRANA PLUS S. A. MINERA ORO ANDINO LTDA CODELCO NORTE COMPA\u00d1\u00cdA MINERA CO. DOMINADOR SP GROUP RESOURCES COMPA\u00d1\u00cdA\u00a0MINERA COSTA RICA SLM LAR UNO SIERRA PASTENES IOCG [&hellip;]<\/p>\n","protected":false},"author":1,"featured_media":0,"parent":0,"menu_order":0,"comment_status":"closed","ping_status":"closed","template":"fullwidth-page.php","meta":{"om_disable_all_campaigns":false,"_monsterinsights_skip_tracking":false,"_monsterinsights_sitenote_active":false,"_monsterinsights_sitenote_note":"","_monsterinsights_sitenote_category":0,"_uf_show_specific_survey":0,"_uf_disable_surveys":false,"footnotes":""},"class_list":["post-981","page","type-page","status-publish","hentry",""],"aioseo_notices":[],"_links":{"self":[{"href":"https:\/\/goldbergresources.com\/site\/wp-json\/wp\/v2\/pages\/981","targetHints":{"allow":["GET"]}}],"collection":[{"href":"https:\/\/goldbergresources.com\/site\/wp-json\/wp\/v2\/pages"}],"about":[{"href":"https:\/\/goldbergresources.com\/site\/wp-json\/wp\/v2\/types\/page"}],"author":[{"embeddable":true,"href":"https:\/\/goldbergresources.com\/site\/wp-json\/wp\/v2\/users\/1"}],"replies":[{"embeddable":true,"href":"https:\/\/goldbergresources.com\/site\/wp-json\/wp\/v2\/comments?post=981"}],"version-history":[{"count":20,"href":"https:\/\/goldbergresources.com\/site\/wp-json\/wp\/v2\/pages\/981\/revisions"}],"predecessor-version":[{"id":1005,"href":"https:\/\/goldbergresources.com\/site\/wp-json\/wp\/v2\/pages\/981\/revisions\/1005"}],"wp:attachment":[{"href":"https:\/\/goldbergresources.com\/site\/wp-json\/wp\/v2\/media?parent=981"}],"curies":[{"name":"wp","href":"https:\/\/api.w.org\/{rel}","templated":true}]}}